{"id":1214,"date":"2022-11-01T13:26:22","date_gmt":"2022-11-01T11:26:22","guid":{"rendered":"https:\/\/wordpress.ffw-adorf.de\/?page_id=1214"},"modified":"2022-11-01T13:49:33","modified_gmt":"2022-11-01T11:49:33","slug":"ueber-uns","status":"publish","type":"page","link":"https:\/\/ffw-adorf.de\/?page_id=1214","title":{"rendered":"\u00dcber uns"},"content":{"rendered":"<ul class=\"wp-block-latest-posts__list wp-block-latest-posts\"><li><a class=\"wp-block-latest-posts__post-title\" href=\"https:\/\/ffw-adorf.de\/?p=2\">Freiwillige Feuer\u00adwehr Adorf\/Vogtl. &#8211; Eine starke Gemein\u00adschaft<\/a><div class=\"wp-block-latest-posts__post-full-content\"><img loading=\"lazy\" decoding=\"async\" class=\" alignleft size-full wp-image-1\" style=\"margin-right: 10px;float: left\" src=\"https:\/\/wordpress.ffw-adorf.de\/wp-content\/uploads\/2017\/11\/ffw_einsatzabteilung.jpg\" alt=\"ffw einsatzabteilung\" width=\"375\" height=\"250\" srcset=\"https:\/\/ffw-adorf.de\/wp-content\/uploads\/2017\/11\/ffw_einsatzabteilung.jpg 1800w, https:\/\/ffw-adorf.de\/wp-content\/uploads\/2017\/11\/ffw_einsatzabteilung-300x200.jpg 300w, https:\/\/ffw-adorf.de\/wp-content\/uploads\/2017\/11\/ffw_einsatzabteilung-1024x683.jpg 1024w, https:\/\/ffw-adorf.de\/wp-content\/uploads\/2017\/11\/ffw_einsatzabteilung-768x512.jpg 768w, https:\/\/ffw-adorf.de\/wp-content\/uploads\/2017\/11\/ffw_einsatzabteilung-1536x1024.jpg 1536w, https:\/\/ffw-adorf.de\/wp-content\/uploads\/2017\/11\/ffw_einsatzabteilung-421x281.jpg 421w\" sizes=\"auto, (max-width: 375px) 100vw, 375px\" \/>Das Feuerwehrwesen ist eine Pflichtaufgabe\u00a0der Stadt,\u00a0und die Freiwillige Feuerwehr Adorf\/Vogtl. ebenso eine\u00a0Einrichtung der Stadtverwaltung wie Bauhof und Einwohnermeldeamt. Im Unterschied zu den Rathausabteilungen jedoch, werden die teilweise sehr verantwortungsvollen Aufgaben nicht von fest angestellten Besch\u00e4ftigten erledigt, sondern von ehrenamtlichen Helfern. Oberster Feuerwehrmann ist\u00a0der B\u00fcrgermeister. Gemeinsam mit dem Stadtrat und den Rathausmitarbeitern unterst\u00fctzt\u00a0er das Engagement der Feuerwehrleute im Ehrenamt.\n\nSchon seit dem Jahr 1873 sorgen die Adorfer Wehrleute f\u00fcr das Wohl der Menschen in der Stadt, sie l\u00f6schen Br\u00e4nde, k\u00e4mpfen mit Hochwasser, retten Tiere und helfen bei Unf\u00e4llen. Die vielen gemeinsamen Eins\u00e4tze der Feuerwehrm\u00e4nner schwei\u00dfen sie zu einer starken Gemeinschaft zusammen.\n\nWie jede andere freiwillige Feuerwehr im l\u00e4ndlichen Raum hat auch die Adorfer Wehr ein gro\u00dfes Personalproblem. Studenten oder Auszubildende zieht es in die gr\u00f6\u00dferen St\u00e4dte, da die Voraussetzungen f\u00fcr einen einfacheren Karrierestart vielmals besser sind, als in der weitl\u00e4ufigen Gegend des Vogtlandes. Selbst langj\u00e4hrige Mitglieder der Feuerwehr sind oft aus beruflichen Gr\u00fcnden nicht in der Wehr zu halten.\u00a0\nDeshalb w\u00fcrde sich die Freiwillige Feuerwehr Adorf\/Vogtl. einschlie\u00dflich aller Ortswehren jederzeit \u00fcber interessierte und einsatzbereite Mitb\u00fcrger, als Verst\u00e4rkung in den jeweiligen Wehren, sehr freuen.\u00a0\n\nDer Leitspruch der Feuerwehr z\u00e4hlte in der Vergangenheit, z\u00e4hlt in der Gegenwart und z\u00e4hlt in Zukunft:\n<p align=\"center\"><strong><em><span style=\"color: #800000;font-size: large\">Gott zur Ehr&#8216; dem N\u00e4chsten zur Wehr!<\/span><\/em><\/strong><\/p><\/div><\/li>\n<\/ul>","protected":false},"excerpt":{"rendered":"","protected":false},"author":1,"featured_media":0,"parent":0,"menu_order":0,"comment_status":"closed","ping_status":"closed","template":"","meta":{"footnotes":""},"class_list":["post-1214","page","type-page","status-publish","hentry"],"_links":{"self":[{"href":"https:\/\/ffw-adorf.de\/index.php?rest_route=\/wp\/v2\/pages\/1214","targetHints":{"allow":["GET"]}}],"collection":[{"href":"https:\/\/ffw-adorf.de\/index.php?rest_route=\/wp\/v2\/pages"}],"about":[{"href":"https:\/\/ffw-adorf.de\/index.php?rest_route=\/wp\/v2\/types\/page"}],"author":[{"embeddable":true,"href":"https:\/\/ffw-adorf.de\/index.php?rest_route=\/wp\/v2\/users\/1"}],"replies":[{"embeddable":true,"href":"https:\/\/ffw-adorf.de\/index.php?rest_route=%2Fwp%2Fv2%2Fcomments&post=1214"}],"version-history":[{"count":5,"href":"https:\/\/ffw-adorf.de\/index.php?rest_route=\/wp\/v2\/pages\/1214\/revisions"}],"predecessor-version":[{"id":1233,"href":"https:\/\/ffw-adorf.de\/index.php?rest_route=\/wp\/v2\/pages\/1214\/revisions\/1233"}],"wp:attachment":[{"href":"https:\/\/ffw-adorf.de\/index.php?rest_route=%2Fwp%2Fv2%2Fmedia&parent=1214"}],"curies":[{"name":"wp","href":"https:\/\/api.w.org\/{rel}","templated":true}]}}