{"id":1249,"date":"2022-11-01T14:06:37","date_gmt":"2022-11-01T12:06:37","guid":{"rendered":"https:\/\/wordpress.ffw-adorf.de\/?page_id=1249"},"modified":"2022-11-01T14:06:37","modified_gmt":"2022-11-01T12:06:37","slug":"ortswehr-gettengruen","status":"publish","type":"page","link":"https:\/\/ffw-adorf.de\/?page_id=1249","title":{"rendered":"Ortswehr Gettengr\u00fcn"},"content":{"rendered":"<ul class=\"wp-block-latest-posts__list wp-block-latest-posts\"><li><a class=\"wp-block-latest-posts__post-title\" href=\"https:\/\/ffw-adorf.de\/?p=350\">Ortswehr Gettengr\u00fcn<\/a><div class=\"wp-block-latest-posts__post-full-content\"><p><img loading=\"lazy\" decoding=\"async\" class=\" alignright size-full wp-image-349\" style=\"margin-left: 10px;float: right\" src=\"https:\/\/wordpress.ffw-adorf.de\/wp-content\/uploads\/2019\/02\/wappen_gettengruen.png\" alt=\"wappen gettengruen\" width=\"400\" height=\"247\" srcset=\"https:\/\/ffw-adorf.de\/wp-content\/uploads\/2019\/02\/wappen_gettengruen.png 3544w, https:\/\/ffw-adorf.de\/wp-content\/uploads\/2019\/02\/wappen_gettengruen-300x185.png 300w, https:\/\/ffw-adorf.de\/wp-content\/uploads\/2019\/02\/wappen_gettengruen-1024x632.png 1024w, https:\/\/ffw-adorf.de\/wp-content\/uploads\/2019\/02\/wappen_gettengruen-768x474.png 768w, https:\/\/ffw-adorf.de\/wp-content\/uploads\/2019\/02\/wappen_gettengruen-1536x947.png 1536w, https:\/\/ffw-adorf.de\/wp-content\/uploads\/2019\/02\/wappen_gettengruen-2048x1263.png 2048w, https:\/\/ffw-adorf.de\/wp-content\/uploads\/2019\/02\/wappen_gettengruen-421x260.png 421w\" sizes=\"auto, (max-width: 400px) 100vw, 400px\" \/>Zurzeit sind in der Gettengr\u00fcner Wehr 17 Aktive und 6 Ehrenmitglieder t\u00e4tig. Genau wie jede andere Feuerwehr im l\u00e4ndlichen Raum hat auch die FFw Gettengr\u00fcn ein Personalproblem. Die gro\u00dfe Entfernung zwischen Adorf und Gettengr\u00fcn macht die Gettengr\u00fcner Feuerwehrm\u00e4nner jedoch unumg\u00e4nglich. Die FFw Gettengr\u00fcn gibt es seit 1908 und besteht somit schon seit \u00fcber 110 Jahren.<\/p>\r\n<h3>Wehrleiter<\/h3>\r\n<p>J\u00fcrgen Schreiner<br \/>Birkenweg 7<br \/>08626 Gettengr\u00fcn<\/p>\r\n<p>037430\/6183<br \/><a href=\"mailto:j.schreiner11@web.de\">j.schreiner11@web.de<\/a><\/p>\r\n<h3>Stellv. Wehrleiter<\/h3>\r\n<p>G\u00fcnter Haller<br \/>Poststra\u00dfe 9<br \/>08626 Gettengr\u00fcn<\/p>\r\n<p>037430\/ 5340<\/p>\r\n<p>Der Wehrleitung geh\u00f6ren au\u00dferdem an:<\/p>\r\n<h3>Feuerwehrausschuss<\/h3>\r\n<p>Dieter Hertel und Bernd Haller<\/p>\r\n<h3>Schriftf\u00fchrer<\/h3>\r\n<p>Eric Schreiner<\/p><\/div><\/li>\n<\/ul>","protected":false},"excerpt":{"rendered":"","protected":false},"author":1,"featured_media":0,"parent":0,"menu_order":0,"comment_status":"closed","ping_status":"closed","template":"","meta":{"footnotes":""},"class_list":["post-1249","page","type-page","status-publish","hentry"],"_links":{"self":[{"href":"https:\/\/ffw-adorf.de\/index.php?rest_route=\/wp\/v2\/pages\/1249","targetHints":{"allow":["GET"]}}],"collection":[{"href":"https:\/\/ffw-adorf.de\/index.php?rest_route=\/wp\/v2\/pages"}],"about":[{"href":"https:\/\/ffw-adorf.de\/index.php?rest_route=\/wp\/v2\/types\/page"}],"author":[{"embeddable":true,"href":"https:\/\/ffw-adorf.de\/index.php?rest_route=\/wp\/v2\/users\/1"}],"replies":[{"embeddable":true,"href":"https:\/\/ffw-adorf.de\/index.php?rest_route=%2Fwp%2Fv2%2Fcomments&post=1249"}],"version-history":[{"count":1,"href":"https:\/\/ffw-adorf.de\/index.php?rest_route=\/wp\/v2\/pages\/1249\/revisions"}],"predecessor-version":[{"id":1250,"href":"https:\/\/ffw-adorf.de\/index.php?rest_route=\/wp\/v2\/pages\/1249\/revisions\/1250"}],"wp:attachment":[{"href":"https:\/\/ffw-adorf.de\/index.php?rest_route=%2Fwp%2Fv2%2Fmedia&parent=1249"}],"curies":[{"name":"wp","href":"https:\/\/api.w.org\/{rel}","templated":true}]}}