{"id":1339,"date":"2022-11-01T22:13:09","date_gmt":"2022-11-01T20:13:09","guid":{"rendered":"https:\/\/wordpress.ffw-adorf.de\/?page_id=1339"},"modified":"2022-11-01T22:13:10","modified_gmt":"2022-11-01T20:13:10","slug":"historische-technik","status":"publish","type":"page","link":"https:\/\/ffw-adorf.de\/?page_id=1339","title":{"rendered":"Historische Technik"},"content":{"rendered":"<ul class=\"wp-block-latest-posts__list wp-block-latest-posts\"><li><a class=\"wp-block-latest-posts__post-title\" href=\"https:\/\/ffw-adorf.de\/?p=207\">TSA-Flader<\/a><div class=\"wp-block-latest-posts__post-full-content\"><p><span style=\"font-size: 8pt\"><img loading=\"lazy\" decoding=\"async\" class=\" alignright size-full wp-image-206\" style=\"margin-left: 10px;float: right\" src=\"https:\/\/wordpress.ffw-adorf.de\/wp-content\/uploads\/2019\/01\/TSA-Flader.jpg\" alt=\"TSA Flader\" width=\"600\" height=\"400\" srcset=\"https:\/\/ffw-adorf.de\/wp-content\/uploads\/2019\/01\/TSA-Flader.jpg 1200w, https:\/\/ffw-adorf.de\/wp-content\/uploads\/2019\/01\/TSA-Flader-300x200.jpg 300w, https:\/\/ffw-adorf.de\/wp-content\/uploads\/2019\/01\/TSA-Flader-1024x683.jpg 1024w, https:\/\/ffw-adorf.de\/wp-content\/uploads\/2019\/01\/TSA-Flader-768x512.jpg 768w, https:\/\/ffw-adorf.de\/wp-content\/uploads\/2019\/01\/TSA-Flader-421x281.jpg 421w\" sizes=\"auto, (max-width: 600px) 100vw, 600px\" \/>Hersteller:<\/span><br \/>E. C. Flader J\u00f6hstadt \/ Sachsen<\/p>\r\n<p><span style=\"font-size: 8pt\">Baujahr:<\/span><br \/>1938<\/p>\r\n<p><span style=\"font-size: 8pt\">Leistung:<\/span><br \/>800 L\/min<\/p><\/div><\/li>\n<li><a class=\"wp-block-latest-posts__post-title\" href=\"https:\/\/ffw-adorf.de\/?p=205\">Steigerwagen um 1900<\/a><div class=\"wp-block-latest-posts__post-full-content\"><p><img loading=\"lazy\" decoding=\"async\" class=\" alignright size-full wp-image-204\" style=\"margin-left: 10px;float: right\" src=\"https:\/\/wordpress.ffw-adorf.de\/wp-content\/uploads\/2019\/01\/Steigerwagen.jpg\" alt=\"Steigerwagen\" width=\"600\" height=\"400\" srcset=\"https:\/\/ffw-adorf.de\/wp-content\/uploads\/2019\/01\/Steigerwagen.jpg 1200w, https:\/\/ffw-adorf.de\/wp-content\/uploads\/2019\/01\/Steigerwagen-300x200.jpg 300w, https:\/\/ffw-adorf.de\/wp-content\/uploads\/2019\/01\/Steigerwagen-1024x683.jpg 1024w, https:\/\/ffw-adorf.de\/wp-content\/uploads\/2019\/01\/Steigerwagen-768x512.jpg 768w, https:\/\/ffw-adorf.de\/wp-content\/uploads\/2019\/01\/Steigerwagen-421x281.jpg 421w\" sizes=\"auto, (max-width: 600px) 100vw, 600px\" \/>Der Steigerwagen diente dem Transport von Leitern.<\/p>\r\n<p>Auf unserem Leiterwagen wurden vier Hakenleitern untergebracht. Der Steigerzug war einer der ersten, der nach der Gr\u00fcndung der Adorfer Feuerwehr gebildet wurde.<\/p><\/div><\/li>\n<li><a class=\"wp-block-latest-posts__post-title\" href=\"https:\/\/ffw-adorf.de\/?p=203\">Drehleiter Magirus DL 30<\/a><div class=\"wp-block-latest-posts__post-full-content\"><p><img loading=\"lazy\" decoding=\"async\" class=\" alignright size-full wp-image-202\" style=\"margin-left: 10px;float: right\" src=\"https:\/\/wordpress.ffw-adorf.de\/wp-content\/uploads\/2019\/01\/Magirus-DL-30.jpg\" alt=\"Magirus DL 30\" width=\"600\" height=\"400\" srcset=\"https:\/\/ffw-adorf.de\/wp-content\/uploads\/2019\/01\/Magirus-DL-30.jpg 1200w, https:\/\/ffw-adorf.de\/wp-content\/uploads\/2019\/01\/Magirus-DL-30-300x200.jpg 300w, https:\/\/ffw-adorf.de\/wp-content\/uploads\/2019\/01\/Magirus-DL-30-1024x683.jpg 1024w, https:\/\/ffw-adorf.de\/wp-content\/uploads\/2019\/01\/Magirus-DL-30-768x512.jpg 768w, https:\/\/ffw-adorf.de\/wp-content\/uploads\/2019\/01\/Magirus-DL-30-421x281.jpg 421w\" sizes=\"auto, (max-width: 600px) 100vw, 600px\" \/>Dieses Fahrzeug wurde dem Landkreis von der saarl\u00e4ndischen Stadt Lebach geschenkt. Als Standort wurde Adorf gew\u00e4hlt. Am 9. Januar 1994 fand die feierliche \u00dcbergabe statt. Im Februar 1999 erhielt der Leiterpark vom T\u00dcV keine Abnahme mehr und so musste das Fahrzeug stillgelegt werden.<\/p>\r\n<p><span style=\"font-size: 8pt\">Baujahr:<\/span><br \/>1966<\/p>\r\n<p><span style=\"font-size: 8pt\">Leiterh\u00f6he:<\/span><br \/>30m<\/p><\/div><\/li>\n<li><a class=\"wp-block-latest-posts__post-title\" href=\"https:\/\/ffw-adorf.de\/?p=201\">Jeep P2<\/a><div class=\"wp-block-latest-posts__post-full-content\"><p><img loading=\"lazy\" decoding=\"async\" class=\" alignright size-full wp-image-200\" style=\"margin-left: 10px;float: right\" src=\"https:\/\/wordpress.ffw-adorf.de\/wp-content\/uploads\/2019\/01\/Jeep-P2.jpg\" alt=\"Jeep P2\" width=\"600\" height=\"400\" srcset=\"https:\/\/ffw-adorf.de\/wp-content\/uploads\/2019\/01\/Jeep-P2.jpg 1200w, https:\/\/ffw-adorf.de\/wp-content\/uploads\/2019\/01\/Jeep-P2-300x200.jpg 300w, https:\/\/ffw-adorf.de\/wp-content\/uploads\/2019\/01\/Jeep-P2-1024x683.jpg 1024w, https:\/\/ffw-adorf.de\/wp-content\/uploads\/2019\/01\/Jeep-P2-768x512.jpg 768w, https:\/\/ffw-adorf.de\/wp-content\/uploads\/2019\/01\/Jeep-P2-421x281.jpg 421w\" sizes=\"auto, (max-width: 600px) 100vw, 600px\" \/>Dieses ehemalige Armeefahrzeug wurde von den Kameraden der FFw Adorf in Eigenleistung zu einem Feuerwehr-Einsatzfahrzeug umgebaut.<\/p>\r\n<p><span style=\"font-size: 8pt\">Baujahr:<\/span><br \/>1957<\/p>\r\n<p><span style=\"font-size: 8pt\">Motor:<\/span><br \/>2400 cm\u00b3<br \/>65 PS<\/p><\/div><\/li>\n<li><a class=\"wp-block-latest-posts__post-title\" href=\"https:\/\/ffw-adorf.de\/?p=199\">Handdruckspritze (klein)<\/a><div class=\"wp-block-latest-posts__post-full-content\"><p><img loading=\"lazy\" decoding=\"async\" class=\" alignright size-full wp-image-198\" style=\"margin-left: 10px;float: right\" src=\"https:\/\/wordpress.ffw-adorf.de\/wp-content\/uploads\/2019\/01\/Handdruckspritze_klein.jpg\" alt=\"Handdruckspritze klein\" width=\"600\" height=\"400\" srcset=\"https:\/\/ffw-adorf.de\/wp-content\/uploads\/2019\/01\/Handdruckspritze_klein.jpg 1200w, https:\/\/ffw-adorf.de\/wp-content\/uploads\/2019\/01\/Handdruckspritze_klein-300x200.jpg 300w, https:\/\/ffw-adorf.de\/wp-content\/uploads\/2019\/01\/Handdruckspritze_klein-1024x682.jpg 1024w, https:\/\/ffw-adorf.de\/wp-content\/uploads\/2019\/01\/Handdruckspritze_klein-768x511.jpg 768w, https:\/\/ffw-adorf.de\/wp-content\/uploads\/2019\/01\/Handdruckspritze_klein-421x280.jpg 421w\" sizes=\"auto, (max-width: 600px) 100vw, 600px\" \/>Diese Handdruckspritze musste per Handzug zum Brandherd gezogen werden. Danach wurde die Pumpe abgeprotzt: Die Pumpe musste vom Wagen gezogen werden, sodass sie dann auf dem Erdboden stand.<\/p>\r\n<p>Die Pumpe wurde von vier Kameraden per Hand bedient.<\/p>\r\n<p>\u00a0<\/p>\r\n<p><span style=\"font-size: 8pt\">Hersteller:<\/span><br \/>Gebr. Wilhelm Lippold (Chemnitz)<\/p>\r\n<p><span style=\"font-size: 8pt\">Baujahr:<\/span><br \/>1881<\/p><\/div><\/li>\n<\/ul>","protected":false},"excerpt":{"rendered":"","protected":false},"author":1,"featured_media":0,"parent":0,"menu_order":0,"comment_status":"closed","ping_status":"closed","template":"","meta":{"footnotes":""},"class_list":["post-1339","page","type-page","status-publish","hentry"],"_links":{"self":[{"href":"https:\/\/ffw-adorf.de\/index.php?rest_route=\/wp\/v2\/pages\/1339","targetHints":{"allow":["GET"]}}],"collection":[{"href":"https:\/\/ffw-adorf.de\/index.php?rest_route=\/wp\/v2\/pages"}],"about":[{"href":"https:\/\/ffw-adorf.de\/index.php?rest_route=\/wp\/v2\/types\/page"}],"author":[{"embeddable":true,"href":"https:\/\/ffw-adorf.de\/index.php?rest_route=\/wp\/v2\/users\/1"}],"replies":[{"embeddable":true,"href":"https:\/\/ffw-adorf.de\/index.php?rest_route=%2Fwp%2Fv2%2Fcomments&post=1339"}],"version-history":[{"count":1,"href":"https:\/\/ffw-adorf.de\/index.php?rest_route=\/wp\/v2\/pages\/1339\/revisions"}],"predecessor-version":[{"id":1340,"href":"https:\/\/ffw-adorf.de\/index.php?rest_route=\/wp\/v2\/pages\/1339\/revisions\/1340"}],"wp:attachment":[{"href":"https:\/\/ffw-adorf.de\/index.php?rest_route=%2Fwp%2Fv2%2Fmedia&parent=1339"}],"curies":[{"name":"wp","href":"https:\/\/api.w.org\/{rel}","templated":true}]}}