{"id":1579,"date":"2023-04-02T15:13:51","date_gmt":"2023-04-02T14:13:51","guid":{"rendered":"https:\/\/test.ffw-adorf.de\/?page_id=1579"},"modified":"2025-07-24T19:30:12","modified_gmt":"2025-07-24T18:30:12","slug":"home-2","status":"publish","type":"page","link":"https:\/\/ffw-adorf.de\/","title":{"rendered":"Startseite"},"content":{"rendered":"\n<p class=\"has-text-align-center has-white-color has-text-color has-x-large-font-size\"><p class=\"has-text-align-center has-grey-color has-text-color has-x-large-font-size has-white-color page-no-background\" style=\"margin-top: calc(50vh - 350px);\"><strong>Freiwillige Feuerwehr Adorf\/Vogtl.<\/strong><\/p><\/p>\n\n\n\n<p class=\"has-text-align-center has-grey-color has-text-color has-medium-font-size has-white-color\">Gott zur Ehr, dem n\u00e4chsten zur Wehr.<\/p>\n\n<div id=\"recent-posts-center\">\n<ul class=\"wp-block-latest-posts__list wp-block-latest-posts\"><li><a class=\"wp-block-latest-posts__post-title\" href=\"https:\/\/ffw-adorf.de\/?p=2083\">Adorfer Ortsfeuerwehren erhalten neue Feuerwehrhelme<\/a><div class=\"wp-block-latest-posts__post-excerpt\">Am Mittwoch \u00fcbergab B\u00fcrgermeister Rico Schmidt offiziell die neuen Feuerwehrhelme an Stadtwehrleiter Manuel Schanz sowie an die Ortswehrleitungen aus Adorf, Freiberg, Gettengr\u00fcn, Leubetha und Remtengr\u00fcn. Die Anschaffung war erforderlich geworden, da die bisherigen Helme aufgrund von Abnutzung, Ablauf der Nutzungsfristen und ver\u00e4nderten Sicherheitsnormen ersetzt werden mussten. Die Kameradinnen und Kameraden entschieden sich f\u00fcr das bew\u00e4hrte\u2026\u00a0<a class=\"wp-block-latest-posts__read-more\" href=\"https:\/\/ffw-adorf.de\/?p=2083\" rel=\"noopener noreferrer\"><span class=\"screen-reader-text\">Adorfer Ortsfeuerwehren erhalten neue Feuerwehrhelme <\/span>weiterlesen<\/a><\/div><\/li>\n<li><a class=\"wp-block-latest-posts__post-title\" href=\"https:\/\/ffw-adorf.de\/?p=2077\">Gohrischheide<\/a><div class=\"wp-block-latest-posts__post-excerpt\">Seit dem 1. Juli 2025 brannten In der Gorischheide an der Landes&shy;grenze von Sachsen und Brandenburg ausgedehnte Waldfl\u00e4chen. Durch extreme Trockenheit und st\u00e4ndig wechselnde Winde breitete sich der Brand rasant aus. Die L\u00f6sch&shy;arbeiten gestalteten sich sehr schwierig, da das Gebiet fr\u00fcher als Truppen&shy;\u00fcbungs&shy;platz genutzt wurde und noch heute mit Munitions&shy;belastung im Erdboden behaftet ist. Deshalb\u2026\u00a0<a class=\"wp-block-latest-posts__read-more\" href=\"https:\/\/ffw-adorf.de\/?p=2077\" rel=\"noopener noreferrer\"><span class=\"screen-reader-text\">Gohrischheide <\/span>weiterlesen<\/a><\/div><\/li>\n<li><a class=\"wp-block-latest-posts__post-title\" href=\"https:\/\/ffw-adorf.de\/?p=2068\">Verkehrsunfall<\/a><div class=\"wp-block-latest-posts__post-excerpt\">Bei einem Verkehrsunfall auf der B92 wurden am Montagvormittag (30.06.25) zwei Personen verletzt. Die Kameraden der Adorfer Wehr wurden um 10:15 Uhr alarmiert. Beim Eintreffen wurden die Verletzten bereits vom Rettungsdienst behandelt. Unsere Aufgabe beschr\u00e4nkte sich somit auf Absperr- und Brandschutzma\u00dfnahmen sowie das Abbinden auslaufender Betriebsmittel Die Feuerwehr Adorf war mit ELW, HLF und R\u00fcstwagen\u2026\u00a0<a class=\"wp-block-latest-posts__read-more\" href=\"https:\/\/ffw-adorf.de\/?p=2068\" rel=\"noopener noreferrer\"><span class=\"screen-reader-text\">Verkehrsunfall <\/span>weiterlesen<\/a><\/div><\/li>\n<\/ul>\n<\/div>\n\n<div id=\"recent-posts-sidebar\" class=\"col-lg-3 col-md-12\" style=\"position: absolute; left: calc(50% - 50vw); top: -60px;\">\n\t<section class=\"sidebar\">\t\t\n\t\t<aside id=\"recent-posts-3\" class=\"widget widget_recent_entries\">\n\t\t<h5 class=\"widget-title\">Neueste Meldungen<\/h5>\n\t\t<span class=\"animate-border border-black is-layout-constrained wp-block-group-is-layout-constrained\"><\/span>\n\t\t\n<ul class=\"wp-block-latest-posts__list has-dates wp-block-latest-posts\"><li><a class=\"wp-block-latest-posts__post-title\" href=\"https:\/\/ffw-adorf.de\/?p=2239\">Garagenbrand<\/a><time datetime=\"2026-03-09T08:12:00+01:00\" class=\"wp-block-latest-posts__post-date\">09.03.2026<\/time><\/li>\n<li><a class=\"wp-block-latest-posts__post-title\" href=\"https:\/\/ffw-adorf.de\/?p=2221\">Vegetationsbrand<\/a><time datetime=\"2026-03-03T19:34:20+01:00\" class=\"wp-block-latest-posts__post-date\">03.03.2026<\/time><\/li>\n<li><a class=\"wp-block-latest-posts__post-title\" href=\"https:\/\/ffw-adorf.de\/?p=2083\">Adorfer Ortsfeuerwehren erhalten neue Feuerwehrhelme<\/a><time datetime=\"2025-07-24T19:19:07+01:00\" class=\"wp-block-latest-posts__post-date\">24.07.2025<\/time><\/li>\n<li><a class=\"wp-block-latest-posts__post-title\" href=\"https:\/\/ffw-adorf.de\/?p=2077\">Gohrischheide<\/a><time datetime=\"2025-07-10T15:04:44+01:00\" class=\"wp-block-latest-posts__post-date\">10.07.2025<\/time><\/li>\n<li><a class=\"wp-block-latest-posts__post-title\" href=\"https:\/\/ffw-adorf.de\/?p=2068\">Verkehrsunfall<\/a><time datetime=\"2025-06-30T11:10:18+01:00\" class=\"wp-block-latest-posts__post-date\">30.06.2025<\/time><\/li>\n<\/ul>\n\t<\/section>\n<\/div>\n<script>document.getElementById('content').querySelector('.container').style.backgroundColor = '#0000';<\/script>\n","protected":false},"excerpt":{"rendered":"<p>Freiwillige Feuerwehr Adorf\/Vogtl. Gott zur Ehr, dem n\u00e4chsten zur Wehr.<\/p>\n","protected":false},"author":1,"featured_media":0,"parent":0,"menu_order":0,"comment_status":"closed","ping_status":"closed","template":"","meta":{"footnotes":""},"class_list":["post-1579","page","type-page","status-publish","hentry"],"_links":{"self":[{"href":"https:\/\/ffw-adorf.de\/index.php?rest_route=\/wp\/v2\/pages\/1579","targetHints":{"allow":["GET"]}}],"collection":[{"href":"https:\/\/ffw-adorf.de\/index.php?rest_route=\/wp\/v2\/pages"}],"about":[{"href":"https:\/\/ffw-adorf.de\/index.php?rest_route=\/wp\/v2\/types\/page"}],"author":[{"embeddable":true,"href":"https:\/\/ffw-adorf.de\/index.php?rest_route=\/wp\/v2\/users\/1"}],"replies":[{"embeddable":true,"href":"https:\/\/ffw-adorf.de\/index.php?rest_route=%2Fwp%2Fv2%2Fcomments&post=1579"}],"version-history":[{"count":62,"href":"https:\/\/ffw-adorf.de\/index.php?rest_route=\/wp\/v2\/pages\/1579\/revisions"}],"predecessor-version":[{"id":2089,"href":"https:\/\/ffw-adorf.de\/index.php?rest_route=\/wp\/v2\/pages\/1579\/revisions\/2089"}],"wp:attachment":[{"href":"https:\/\/ffw-adorf.de\/index.php?rest_route=%2Fwp%2Fv2%2Fmedia&parent=1579"}],"curies":[{"name":"wp","href":"https:\/\/api.w.org\/{rel}","templated":true}]}}