{"id":688,"date":"2022-10-28T06:29:32","date_gmt":"2022-10-28T06:29:32","guid":{"rendered":"https:\/\/wordpress.ffw-adorf.de\/?page_id=688"},"modified":"2023-02-23T15:23:50","modified_gmt":"2023-02-23T14:23:50","slug":"aktuelles","status":"publish","type":"page","link":"https:\/\/ffw-adorf.de\/?page_id=688","title":{"rendered":"Aktuelles"},"content":{"rendered":"<ul class=\"wp-block-latest-posts__list alignwide wp-block-latest-posts\"><li><a class=\"wp-block-latest-posts__post-title\" href=\"https:\/\/ffw-adorf.de\/?p=2083\">Adorfer Ortsfeuerwehren erhalten neue Feuerwehrhelme<\/a><div class=\"wp-block-latest-posts__post-excerpt\">Am Mittwoch \u00fcbergab B\u00fcrgermeister Rico Schmidt offiziell die neuen Feuerwehrhelme an Stadtwehrleiter Manuel Schanz sowie an die Ortswehrleitungen aus Adorf, Freiberg, Gettengr\u00fcn, Leubetha und Remtengr\u00fcn. Die Anschaffung war erforderlich geworden, da die bisherigen Helme aufgrund von Abnutzung, Ablauf der Nutzungsfristen und ver\u00e4nderten Sicherheitsnormen ersetzt werden mussten. Die Kameradinnen und Kameraden entschieden sich f\u00fcr das bew\u00e4hrte\u2026\u00a0<a class=\"wp-block-latest-posts__read-more\" href=\"https:\/\/ffw-adorf.de\/?p=2083\" rel=\"noopener noreferrer\"><span class=\"screen-reader-text\">Adorfer Ortsfeuerwehren erhalten neue Feuerwehrhelme <\/span>weiterlesen<\/a><\/div><\/li>\n<li><a class=\"wp-block-latest-posts__post-title\" href=\"https:\/\/ffw-adorf.de\/?p=2077\">Gohrischheide<\/a><div class=\"wp-block-latest-posts__post-excerpt\">Seit dem 1. Juli 2025 brannten In der Gorischheide an der Landes&shy;grenze von Sachsen und Brandenburg ausgedehnte Waldfl\u00e4chen. Durch extreme Trockenheit und st\u00e4ndig wechselnde Winde breitete sich der Brand rasant aus. Die L\u00f6sch&shy;arbeiten gestalteten sich sehr schwierig, da das Gebiet fr\u00fcher als Truppen&shy;\u00fcbungs&shy;platz genutzt wurde und noch heute mit Munitions&shy;belastung im Erdboden behaftet ist. Deshalb\u2026\u00a0<a class=\"wp-block-latest-posts__read-more\" href=\"https:\/\/ffw-adorf.de\/?p=2077\" rel=\"noopener noreferrer\"><span class=\"screen-reader-text\">Gohrischheide <\/span>weiterlesen<\/a><\/div><\/li>\n<li><a class=\"wp-block-latest-posts__post-title\" href=\"https:\/\/ffw-adorf.de\/?p=2068\">Verkehrsunfall<\/a><div class=\"wp-block-latest-posts__post-excerpt\">Bei einem Verkehrsunfall auf der B92 wurden am Montagvormittag (30.06.25) zwei Personen verletzt. Die Kameraden der Adorfer Wehr wurden um 10:15 Uhr alarmiert. Beim Eintreffen wurden die Verletzten bereits vom Rettungsdienst behandelt. Unsere Aufgabe beschr\u00e4nkte sich somit auf Absperr- und Brandschutzma\u00dfnahmen sowie das Abbinden auslaufender Betriebsmittel Die Feuerwehr Adorf war mit ELW, HLF und R\u00fcstwagen\u2026\u00a0<a class=\"wp-block-latest-posts__read-more\" href=\"https:\/\/ffw-adorf.de\/?p=2068\" rel=\"noopener noreferrer\"><span class=\"screen-reader-text\">Verkehrsunfall <\/span>weiterlesen<\/a><\/div><\/li>\n<li><a class=\"wp-block-latest-posts__post-title\" href=\"https:\/\/ffw-adorf.de\/?p=2064\">Brand Freiland<\/a><div class=\"wp-block-latest-posts__post-excerpt\">Am sp\u00e4ten Abend des 24. Juni 2025 wurde die Freiwillige Feuerwehr Adorf um 23:56 Uhr zu einem Kleinbrand an der Bundesstra\u00dfe 283 alarmiert. Auf einer Weide in unmittelbarer Stra\u00dfenn\u00e4he hatten drei gro\u00dfe Heuballen Feuer gefangen. Beim Eintreffen der Einsatzkr\u00e4fte standen die Rundballen bereits in Flammen. Um ein vollst\u00e4ndiges Abl\u00f6schen sicherzustellen, mussten die Ballen mit Dunghaken\u2026\u00a0<a class=\"wp-block-latest-posts__read-more\" href=\"https:\/\/ffw-adorf.de\/?p=2064\" rel=\"noopener noreferrer\"><span class=\"screen-reader-text\">Brand Freiland <\/span>weiterlesen<\/a><\/div><\/li>\n<li><a class=\"wp-block-latest-posts__post-title\" href=\"https:\/\/ffw-adorf.de\/?p=2044\">Scheunenbrand in Arnsgr\u00fcn<\/a><div class=\"wp-block-latest-posts__post-excerpt\">In den fr\u00fchen Morgenstunden des Freitags, dem 20. Juni 2025, wurde die Freiwillige Feuerwehr Adorf um 04:56 Uhr zu einem Brand-2 \u2013 Landwirtschaft nach Arnsgr\u00fcn alarmiert. Bereits auf Anfahrt war eine massive Rauchentwicklung sichtbar. Beim Eintreffen der ersten Kr\u00e4fte stand eine Scheune eines Vierseitenhofs in Vollbrand. Aufgrund der engen Bebauung bestand akute Gefahr f\u00fcr mehrere\u2026\u00a0<a class=\"wp-block-latest-posts__read-more\" href=\"https:\/\/ffw-adorf.de\/?p=2044\" rel=\"noopener noreferrer\"><span class=\"screen-reader-text\">Scheunenbrand in Arnsgr\u00fcn <\/span>weiterlesen<\/a><\/div><\/li>\n<\/ul>","protected":false},"excerpt":{"rendered":"","protected":false},"author":1,"featured_media":0,"parent":0,"menu_order":2,"comment_status":"closed","ping_status":"closed","template":"","meta":{"footnotes":""},"class_list":["post-688","page","type-page","status-publish","hentry"],"_links":{"self":[{"href":"https:\/\/ffw-adorf.de\/index.php?rest_route=\/wp\/v2\/pages\/688","targetHints":{"allow":["GET"]}}],"collection":[{"href":"https:\/\/ffw-adorf.de\/index.php?rest_route=\/wp\/v2\/pages"}],"about":[{"href":"https:\/\/ffw-adorf.de\/index.php?rest_route=\/wp\/v2\/types\/page"}],"author":[{"embeddable":true,"href":"https:\/\/ffw-adorf.de\/index.php?rest_route=\/wp\/v2\/users\/1"}],"replies":[{"embeddable":true,"href":"https:\/\/ffw-adorf.de\/index.php?rest_route=%2Fwp%2Fv2%2Fcomments&post=688"}],"version-history":[{"count":3,"href":"https:\/\/ffw-adorf.de\/index.php?rest_route=\/wp\/v2\/pages\/688\/revisions"}],"predecessor-version":[{"id":1529,"href":"https:\/\/ffw-adorf.de\/index.php?rest_route=\/wp\/v2\/pages\/688\/revisions\/1529"}],"wp:attachment":[{"href":"https:\/\/ffw-adorf.de\/index.php?rest_route=%2Fwp%2Fv2%2Fmedia&parent=688"}],"curies":[{"name":"wp","href":"https:\/\/api.w.org\/{rel}","templated":true}]}}